{"id":16348,"date":"2023-07-12T07:00:08","date_gmt":"2023-07-12T07:00:08","guid":{"rendered":"https:\/\/challenges.capconcorp.com\/respiratory-fit-evaluation-challenge\/?page_id=16348"},"modified":"2024-10-22T21:38:45","modified_gmt":"2024-10-22T21:38:45","slug":"winners","status":"publish","type":"page","link":"https:\/\/challenges.capconcorp.com\/respiratory-fit-evaluation-challenge\/home\/winners\/","title":{"rendered":"Winners"},"content":{"rendered":"<p><div class=\"fusion-fullwidth fullwidth-box fusion-builder-row-1 fusion-flex-container has-pattern-background has-mask-background nonhundred-percent-fullwidth non-hundred-percent-height-scrolling\" style=\"--link_hover_color: var(--awb-color5);--link_color: var(--awb-color6);--awb-border-sizes-top:0px;--awb-border-sizes-bottom:0px;--awb-border-sizes-left:0px;--awb-border-sizes-right:0px;--awb-border-color:var(--awb-color4);--awb-border-radius-top-left:0px;--awb-border-radius-top-right:0px;--awb-border-radius-bottom-right:0px;--awb-border-radius-bottom-left:0px;--awb-padding-top:10px;--awb-padding-bottom:10px;--awb-margin-top:0px;--awb-margin-bottom:0px;--awb-background-color:var(--awb-color3);--awb-flex-wrap:wrap;\" ><div class=\"fusion-builder-row fusion-row fusion-flex-align-items-flex-start fusion-flex-content-wrap\" style=\"max-width:calc( 1170px + 0px );margin-left: calc(-0px \/ 2 );margin-right: calc(-0px \/ 2 );\"><div class=\"fusion-layout-column fusion_builder_column fusion-builder-column-0 fusion_builder_column_1_1 1_1 fusion-flex-column\" style=\"--awb-bg-size:cover;--awb-width-large:100%;--awb-margin-top-large:0px;--awb-spacing-right-large:0px;--awb-margin-bottom-large:0px;--awb-spacing-left-large:0px;--awb-width-medium:100%;--awb-order-medium:0;--awb-spacing-right-medium:0px;--awb-spacing-left-medium:0px;--awb-width-small:100%;--awb-order-small:0;--awb-spacing-right-small:0px;--awb-spacing-left-small:0px;\"><div class=\"fusion-column-wrapper fusion-column-has-shadow fusion-flex-justify-content-flex-start fusion-content-layout-column\"><div class=\"fusion-text fusion-text-1 fusion-no-small-visibility fusion-text-no-margin\" style=\"--awb-content-alignment:right;--awb-line-height:40px;--awb-text-transform:none;--awb-text-color:var(--awb-color4);--awb-text-font-family:&quot;Raleway&quot;;--awb-text-font-style:normal;--awb-text-font-weight:500;\"><p>Implemented by\u00a0 \u00a0 \u00a0 \u00a0<img decoding=\"async\" class=\"lazyload alignnone wp-image-15725 size-full\" src=\"data:image\/svg+xml,%3Csvg%20xmlns%3D%27http%3A%2F%2Fwww.w3.org%2F2000%2Fsvg%27%20width%3D%27133%27%20height%3D%2740%27%20viewBox%3D%270%200%20133%2040%27%3E%3Crect%20width%3D%27133%27%20height%3D%2740%27%20fill-opacity%3D%220%22%2F%3E%3C%2Fsvg%3E\" data-orig-src=\"https:\/\/challenges.capconcorp.com\/respiratory-fit-evaluation-challenge\/wp-content\/uploads\/sites\/8\/2022\/07\/ccc-logo-40h.png\" alt=\"\" width=\"133\" height=\"40\" \/><\/p>\n<\/div><div class=\"fusion-text fusion-text-2 fusion-no-medium-visibility fusion-no-large-visibility fusion-text-no-margin\" style=\"--awb-content-alignment:right;--awb-line-height:40px;--awb-text-transform:none;--awb-text-color:var(--awb-color4);--awb-text-font-family:&quot;Raleway&quot;;--awb-text-font-style:normal;--awb-text-font-weight:400;\"><p>Implemented by Capital Consulting Corporation<\/p>\n<\/div><\/div><\/div><\/div><\/div>\n<div class=\"fusion-fullwidth fullwidth-box fusion-builder-row-2 fusion-flex-container has-pattern-background has-mask-background nonhundred-percent-fullwidth non-hundred-percent-height-scrolling\" style=\"--link_hover_color: var(--awb-color5);--link_color: var(--awb-color6);--awb-border-sizes-top:0px;--awb-border-sizes-bottom:0px;--awb-border-sizes-left:0px;--awb-border-sizes-right:0px;--awb-border-color:var(--awb-color4);--awb-border-radius-top-left:0px;--awb-border-radius-top-right:0px;--awb-border-radius-bottom-right:0px;--awb-border-radius-bottom-left:0px;--awb-padding-top:10px;--awb-padding-bottom:10px;--awb-margin-top:0px;--awb-margin-bottom:0px;--awb-background-color:var(--awb-color1);--awb-flex-wrap:wrap;\" ><div class=\"fusion-builder-row fusion-row fusion-flex-align-items-flex-start fusion-flex-content-wrap\" style=\"max-width:calc( 1170px + 0px );margin-left: calc(-0px \/ 2 );margin-right: calc(-0px \/ 2 );\"><div class=\"fusion-layout-column fusion_builder_column fusion-builder-column-1 fusion_builder_column_1_1 1_1 fusion-flex-column\" style=\"--awb-padding-top:10px;--awb-padding-right:10px;--awb-padding-bottom:10px;--awb-padding-left:10px;--awb-overflow:hidden;--awb-bg-size:cover;--awb-border-color:var(--awb-color2);--awb-border-top:1px;--awb-border-right:1px;--awb-border-bottom:1px;--awb-border-left:1px;--awb-border-style:solid;--awb-border-radius:3px 3px 3px 3px;--awb-width-large:100%;--awb-margin-top-large:20px;--awb-spacing-right-large:0px;--awb-margin-bottom-large:20px;--awb-spacing-left-large:0px;--awb-width-medium:100%;--awb-order-medium:0;--awb-spacing-right-medium:0px;--awb-spacing-left-medium:0px;--awb-width-small:100%;--awb-order-small:0;--awb-spacing-right-small:0px;--awb-spacing-left-small:0px;\"><div class=\"fusion-column-wrapper fusion-column-has-shadow fusion-flex-justify-content-flex-start fusion-content-layout-column\"><div class=\"fusion-text fusion-text-3 fusion-text-no-margin\" style=\"--awb-content-alignment:center;--awb-line-height:40px;--awb-text-transform:none;--awb-text-color:var(--awb-color4);--awb-margin-top:20px;--awb-margin-right:10px;--awb-margin-bottom:10px;--awb-margin-left:20px;--awb-text-font-family:&quot;Raleway&quot;;--awb-text-font-style:normal;--awb-text-font-weight:500;\"><p><strong>Phase 3 <a href=\"https:\/\/challenges.capconcorp.com\/respiratory-fit-evaluation-challenge\/home\/winners\/\">winners announced<\/a>.<\/strong><\/p>\n<\/div><\/div><\/div><\/div><\/div>\n<div class=\"fusion-fullwidth fullwidth-box fusion-builder-row-3 fusion-flex-container has-pattern-background has-mask-background nonhundred-percent-fullwidth non-hundred-percent-height-scrolling\" style=\"--awb-border-radius-top-left:0px;--awb-border-radius-top-right:0px;--awb-border-radius-bottom-right:0px;--awb-border-radius-bottom-left:0px;--awb-margin-bottom:60px;--awb-flex-wrap:wrap;\" ><div class=\"fusion-builder-row fusion-row fusion-flex-align-items-flex-start fusion-flex-content-wrap\" style=\"max-width:1216.8px;margin-left: calc(-4% \/ 2 );margin-right: calc(-4% \/ 2 );\"><div class=\"fusion-layout-column fusion_builder_column fusion-builder-column-2 fusion_builder_column_1_1 1_1 fusion-flex-column\" style=\"--awb-bg-size:cover;--awb-width-large:100%;--awb-margin-top-large:0px;--awb-spacing-right-large:1.92%;--awb-margin-bottom-large:20px;--awb-spacing-left-large:1.92%;--awb-width-medium:100%;--awb-order-medium:0;--awb-spacing-right-medium:1.92%;--awb-spacing-left-medium:1.92%;--awb-width-small:100%;--awb-order-small:0;--awb-spacing-right-small:1.92%;--awb-spacing-left-small:1.92%;\"><div class=\"fusion-column-wrapper fusion-column-has-shadow fusion-flex-justify-content-flex-start fusion-content-layout-column\"><div class=\"fusion-title title fusion-title-1 fusion-title-center fusion-title-text fusion-title-size-two\"><div class=\"title-sep-container title-sep-container-left\"><div class=\"title-sep sep- sep-solid\" style=\"border-color:hsla(var(--awb-color2-h),var(--awb-color2-s),var(--awb-color2-l),calc( var(--awb-color2-a) - 10% ));\"><\/div><\/div><span class=\"awb-title-spacer\"><\/span><h2 class=\"fusion-title-heading title-heading-center\" style=\"margin:0;text-transform:none;\">Winners<\/h2><span class=\"awb-title-spacer\"><\/span><div class=\"title-sep-container title-sep-container-right\"><div class=\"title-sep sep- sep-solid\" style=\"border-color:hsla(var(--awb-color2-h),var(--awb-color2-s),var(--awb-color2-l),calc( var(--awb-color2-a) - 10% ));\"><\/div><\/div><\/div><div class=\"fusion-text fusion-text-4\"><h2><strong>Phase 3 Winners:<\/strong><\/h2>\n<p><strong>Grand Prize Winner<\/strong><\/p>\n<ul>\n<li><strong>Mobomo<\/strong>\u00a0\u2013\u00a0Fit &amp; Breathe: Complete particulate filtering facepiece respirator management.<\/li>\n<\/ul>\n<p><strong>2<sup>nd<\/sup> Place Winner<\/strong><\/p>\n<ul>\n<li><strong>OpenAeros\u00a0LLC<\/strong>\u00a0\u2013 OpenFT: A low-cost, open source, quantitative fit tester that pairs a unique non-destructive sampling probe with an open source condensation particle counter to deliver real time respirator fit measurement.<\/li>\n<\/ul>\n<p><strong>3<sup>rd<\/sup> Place Winner<\/strong><\/p>\n<ul>\n<li><strong>Consequent Labs<\/strong>\u00a0\u2013 A novel solution to enable rapid, user-friendly, and highly-scalable respirator fit testing of professional users and the general public for both routine use and during public health emergencies.<\/li>\n<\/ul>\n<h2><strong>Phase 2 Winners:<\/strong><\/h2>\n<ul>\n<li><strong>Consequent Labs<\/strong>\u00a0\u2013 A novel solution to enable rapid, user-friendly, and highly-scalable respirator fit testing of professional users and the general public for both routine use and during public health emergencies.<\/li>\n<li><strong>Tony Jiang<\/strong>\u00a0\u2013 HIR utilizes humidity and a passive chemical indicator to determine respirator fit in real time.<\/li>\n<li><strong>Mobomo<\/strong>\u00a0\u2013\u00a0Fit &amp; Breathe: Complete particulate filtering facepiece respirator management.<\/li>\n<li><strong>MyMaskMovement<\/strong><strong>\u00a0<\/strong>\u2013 This innovation makes fit testing inclusive and accessible using a mobile app.<\/li>\n<li><strong>Philip Neustrom\u00a0<\/strong>\u2013 The FitTests4All Home Fit Testing Kit is an affordable respirator evaluation solution designed for both home and on-the-go use.<\/li>\n<li><strong>OpenAeros<\/strong><strong>\u00a0LLC<\/strong>\u00a0\u2013 OpenFT: A low-cost, open source, quantitative fit tester that pairs a unique non-destructive sampling probe with an open source condensation particle counter to deliver real time respirator fit measurement.<\/li>\n<li><strong>Sungmee<\/strong><strong>\u00a0Park and Sundaresan Jayaraman<\/strong>\u00a0\u2013 A fabric-based sensor network integrated into an N95 filtering facepiece respirator (FFR) monitors the fit of the respirator on the user continuously and unobtrusively, and provides alerts to the user when there is faceseal leakage that could compromise the fit causing the respirator to no longer afford the degree of protection for which it has been designed.<\/li>\n<li><strong>TruFIT<\/strong><strong>\u00a0LLC<\/strong>. \u2013\u00a0TruFIT&#8217;s solution pioneers the development of fail-safe, visual and real-time fit indicators for facial personal protective equipment (PPE) such as masks and respirators<\/li>\n<li><strong>Rich\u00e1rd \u00c1d\u00e1m\u00a0V\u00e9csey\u00a0and Axel Orsz\u00e1g-Krisz, Team\u00a0rixel<\/strong>\u00a0\u2013 This solution is an AI assisted mobile application and its infrastructure to give immediate feedback for the user about the fit of the selected FFR.<\/li>\n<\/ul>\n<h2><strong>Phase 1 Winners:<\/strong><\/h2>\n<ul>\n<li><span class=\"x_normaltextrun\"><b>Kenneth Ambler, Blackbird Labs<\/b><\/span> \u2013\u00a0<span class=\"x_spellingerror\">FitLight<\/span><span class=\"x_normaltextrun\">\u00a0adds a small, visible, LED to a FFR that briefly lights when a breath is taken while the mask has an effective seal. Checking a good fit is as easy as looking for a flash every few seconds.<\/span>\u00a0<span class=\"x_eop\">\u00a0<\/span><\/li>\n<li class=\"x_paragraph\"><span class=\"x_normaltextrun\"><b>Irtaza Barlas, Team R4zi<\/b><\/span> \u2013 An indirect measurement of respirator fitness by monitoring in real-time the mask temperature profile as the subject breaths in and out.<span class=\"x_eop\">\u00a0<\/span><\/li>\n<li class=\"x_paragraph\"><span class=\"x_normaltextrun\"><b>Consequent Labs<\/b><\/span> \u2013 A novel solution to enable rapid, user-friendly, and highly-scalable respirator fit testing of professional users and the general public for both routine use and during public health emergencies.<span class=\"x_eop\">\u00a0<\/span><\/li>\n<li class=\"x_paragraph\"><span class=\"x_normaltextrun\"><b>Engineering Dynamics<\/b><\/span> \u2013 The CLEARFIT concept leverages AI, facial recognition, and widely available technology to provide immediate and cost-effective evaluation of respirator fit for a diverse range of users.<span class=\"x_eop\">\u00a0<\/span><\/li>\n<li class=\"x_paragraph\"><span class=\"x_normaltextrun\"><b>Tony Jiang<\/b><\/span> \u2013 TIR is a solution that harnesses the mechanics of temperature sensors to determine respirator fit in real-time.\u202f<span class=\"x_eop\">\u00a0<\/span><\/li>\n<li class=\"x_paragraph\"><span class=\"x_normaltextrun\"><b>Igor Jovanovic<\/b><\/span> \u2013\u00a0This solution will be using light tracing for fit test and feedback.\u00a0<span class=\"x_eop\">\u00a0<\/span><\/li>\n<li class=\"x_paragraph\"><span class=\"x_normaltextrun\"><b>Arnold R. Milton<\/b><\/span>\u202f\u2013 A qualitative method utilizing light rays to give immediate evaluation and feedback to end users about the FFR fit.<span class=\"x_eop\">\u00a0<\/span><\/li>\n<li class=\"x_paragraph\"><span class=\"x_normaltextrun\"><b>Alejandro Miranda<\/b><\/span> \u2013 The solution proposed is to use an infrared\/thermal camera to detect differences in temperature due to leakage at the face-respirator interface, indicating a deficient fit.<span class=\"x_eop\">\u00a0<\/span><\/li>\n<li class=\"x_paragraph\"><span class=\"x_spellingerror\"><b>Mobomo<\/b><\/span><span class=\"x_normaltextrun\"> \u2013\u00a0Utilizing their expertise in Human-Centered Design and passion for designing elegant solutions to complex challenges, <\/span><span class=\"x_spellingerror\">Mobomo\u2019s<\/span><span class=\"x_normaltextrun\"> Phase I Concept Paper detailed the development of a rapid prototype that combines lidar technology <\/span>with an augmented facial geometry mesh model to accurately map individual users\u2019 unique features and pinpoint potential leakage points in conventional respirator fit evaluation tests.<span class=\"x_eop\">\u00a0<\/span><\/li>\n<li class=\"x_paragraph\"><span class=\"x_spellingerror\"><b>MyMaskMovement<\/b><\/span><b> <\/b>\u2013 This innovation is a virtual fit test based on a personalized mask fitting technology developed during the pandemic.<span class=\"x_eop\">\u00a0<\/span><\/li>\n<li><strong>NSI<\/strong> \u2013 Solution is a pulmonologically-grounded FFR fit evaluation system.<\/li>\n<li class=\"x_paragraph\"><span class=\"x_normaltextrun\"><b>Philip Neustrom <\/b><\/span>\u2013 The FitTests4All Home Fit Testing Kit is a respirator fit testing solution designed to be as affordable as possible, which allows users to perform high-quality qualitative respirator fit tests at home.<span class=\"x_eop\">\u00a0<\/span><\/li>\n<li class=\"x_paragraph\"><span class=\"x_spellingerror\"><b>OpenAeros<\/b><\/span><span class=\"x_normaltextrun\"><b> LLC<\/b><\/span> \u2013 This is a low-cost quantitative fit tester that pairs a unique sampling probe with their <span class=\"x_contextualspellingandgrammarerror\">open source<\/span><span class=\"x_normaltextrun\"> condensation particle counter to deliver real time respirator fit measurement with no damage to the respirator.<\/span><span class=\"x_eop\">\u00a0<\/span><\/li>\n<li><span class=\"x_spellingerror\"><b>SafeSource<\/b><\/span><span class=\"x_normaltextrun\"><b>\u00a0Direct \u2013\u00a0<\/b><\/span>Ripple Fit is a small, simple, and easily manufacturable product with continuous fit feedback which can be incorporated into new and existing respirator designs.<span class=\"x_eop\">\u00a0<\/span><\/li>\n<li><strong>Salish Research Group<\/strong> \u2013 Using ML-powered 3D face modeling, we identify an optimal mask fit and interactively guide users through a scientifically validated fit test process.<\/li>\n<li class=\"x_paragraph\"><span class=\"x_spellingerror\"><b>Sungmee<\/b><\/span><span class=\"x_normaltextrun\"><b> Park and Sundaresan Jayaraman<\/b><\/span> \u2013 This innovation device is customized to the individual\u2019s facial profile, continuously monitors the fit unobtrusively, and when there is a change in the fit during use, which could lead to a <span class=\"x_spellingerror\">faceseal<\/span><span class=\"x_normaltextrun\"> leakage, alerts the user through an App on the smartphone thereby ensuring the user\u2019s safety.\u202f<\/span><span class=\"x_eop\">\u00a0<\/span><\/li>\n<li class=\"x_paragraph\"><span class=\"x_normaltextrun\"><b>Amandeep Premi, Selfie Frills<\/b><\/span> \u2013\u00a0The proposed innovation aims to employ personalized 3D facial scanning with infrared thermography for accurate and efficient respirator fitting using deep learning methodologies.<span class=\"x_eop\">\u00a0<\/span><\/li>\n<li class=\"x_paragraph\"><span class=\"x_normaltextrun\"><b>Lex Schultheis (the Robert E. <\/b><\/span><span class=\"x_spellingerror\"><b>Fischell<\/b><\/span><span class=\"x_normaltextrun\"><b> Institute for Biomedical Devices at the University of Maryland) <\/b><\/span>\u2013 This submission will test face-to-fit of disposable respirators by optical gas imaging, detect gas leakage during physical activity by colorimetric methods and evaluate possible benefits of a biocompatible adhesive barrier strip on anatomy prone to leakage.<span class=\"x_normaltextrun\">\u00a0<\/span><span class=\"x_eop\">\u00a0<\/span><\/li>\n<li class=\"x_paragraph\"><span class=\"x_spellingerror\"><b>TruFIT<\/b><\/span><b> <\/b><b>LLC<\/b>. \u2013<span class=\"x_normaltextrun\"> This solution pioneers the development of fail-safe, visual and real-time fit indicators for facial personal protective equipment (PPE) such as masks and respirators.<\/span><span class=\"x_eop\">\u00a0<\/span><\/li>\n<li class=\"x_paragraph\"><b>Rich\u00e1rd \u00c1d\u00e1m <span class=\"x_spellingerror\">V\u00e9csey<\/span><\/b><span class=\"x_normaltextrun\"><b> and Axel Orsz\u00e1g-Krisz, Team <\/b><\/span><span class=\"x_spellingerror\"><b>rixel<\/b><\/span> &#8211; This solution is an AI assisted mobile application and its infrastructure to give immediate feedback for the user about the fit of the selected FFR.<\/li>\n<\/ul>\n<\/div><div class=\"fusion-separator fusion-full-width-sep\" style=\"align-self: flex-start;margin-right:auto;margin-top:5px;margin-bottom:20px;width:100%;max-width:100%;\"><div class=\"fusion-separator-border sep-single sep-solid\" style=\"--awb-height:20px;--awb-amount:20px;--awb-sep-color:var(--awb-color2);border-color:var(--awb-color2);border-top-width:1px;\"><\/div><\/div><\/div><\/div><\/div><\/div><div class=\"fusion-fullwidth fullwidth-box fusion-builder-row-4 fusion-flex-container has-pattern-background has-mask-background nonhundred-percent-fullwidth non-hundred-percent-height-scrolling\" style=\"--link_hover_color: var(--awb-color5);--link_color: var(--awb-color6);--awb-border-sizes-top:0px;--awb-border-sizes-bottom:0px;--awb-border-sizes-left:0px;--awb-border-sizes-right:0px;--awb-border-color:var(--awb-color4);--awb-border-radius-top-left:0px;--awb-border-radius-top-right:0px;--awb-border-radius-bottom-right:0px;--awb-border-radius-bottom-left:0px;--awb-padding-top:10px;--awb-padding-bottom:10px;--awb-margin-top:0px;--awb-margin-bottom:0px;--awb-background-color:var(--awb-color3);--awb-flex-wrap:wrap;\" ><div class=\"fusion-builder-row fusion-row fusion-flex-align-items-flex-start fusion-flex-content-wrap\" style=\"max-width:calc( 1170px + 0px );margin-left: calc(-0px \/ 2 );margin-right: calc(-0px \/ 2 );\"><div class=\"fusion-layout-column fusion_builder_column fusion-builder-column-3 fusion_builder_column_1_1 1_1 fusion-flex-column\" style=\"--awb-bg-size:cover;--awb-width-large:100%;--awb-margin-top-large:0px;--awb-spacing-right-large:0px;--awb-margin-bottom-large:0px;--awb-spacing-left-large:0px;--awb-width-medium:100%;--awb-order-medium:0;--awb-spacing-right-medium:0px;--awb-spacing-left-medium:0px;--awb-width-small:100%;--awb-order-small:0;--awb-spacing-right-small:0px;--awb-spacing-left-small:0px;\"><div class=\"fusion-column-wrapper fusion-column-has-shadow fusion-flex-justify-content-flex-start fusion-content-layout-column\"><div class=\"fusion-text fusion-text-5 fusion-no-small-visibility fusion-text-no-margin\" style=\"--awb-content-alignment:right;--awb-line-height:40px;--awb-text-transform:none;--awb-text-color:var(--awb-color4);--awb-text-font-family:&quot;Raleway&quot;;--awb-text-font-style:normal;--awb-text-font-weight:500;\"><p>Implemented by\u00a0 \u00a0 \u00a0 \u00a0<img decoding=\"async\" class=\"lazyload alignnone wp-image-15725 size-full\" src=\"data:image\/svg+xml,%3Csvg%20xmlns%3D%27http%3A%2F%2Fwww.w3.org%2F2000%2Fsvg%27%20width%3D%27133%27%20height%3D%2740%27%20viewBox%3D%270%200%20133%2040%27%3E%3Crect%20width%3D%27133%27%20height%3D%2740%27%20fill-opacity%3D%220%22%2F%3E%3C%2Fsvg%3E\" data-orig-src=\"https:\/\/challenges.capconcorp.com\/respiratory-fit-evaluation-challenge\/wp-content\/uploads\/sites\/8\/2022\/07\/ccc-logo-40h.png\" alt=\"\" width=\"133\" height=\"40\" \/><\/p>\n<\/div><div class=\"fusion-text fusion-text-6 fusion-no-medium-visibility fusion-no-large-visibility fusion-text-no-margin\" style=\"--awb-content-alignment:right;--awb-line-height:40px;--awb-text-transform:none;--awb-text-color:var(--awb-color4);--awb-text-font-family:&quot;Raleway&quot;;--awb-text-font-style:normal;--awb-text-font-weight:400;\"><p>Implemented by Capital Consulting Corporation<\/p>\n<\/div><\/div><\/div><\/div><\/div>\n<\/p>\n","protected":false},"excerpt":{"rendered":"","protected":false},"author":1,"featured_media":0,"parent":10868,"menu_order":4,"comment_status":"closed","ping_status":"closed","template":"100-width.php","meta":{"footnotes":""},"class_list":["post-16348","page","type-page","status-publish","hentry"],"_links":{"self":[{"href":"https:\/\/challenges.capconcorp.com\/respiratory-fit-evaluation-challenge\/wp-json\/wp\/v2\/pages\/16348","targetHints":{"allow":["GET"]}}],"collection":[{"href":"https:\/\/challenges.capconcorp.com\/respiratory-fit-evaluation-challenge\/wp-json\/wp\/v2\/pages"}],"about":[{"href":"https:\/\/challenges.capconcorp.com\/respiratory-fit-evaluation-challenge\/wp-json\/wp\/v2\/types\/page"}],"author":[{"embeddable":true,"href":"https:\/\/challenges.capconcorp.com\/respiratory-fit-evaluation-challenge\/wp-json\/wp\/v2\/users\/1"}],"replies":[{"embeddable":true,"href":"https:\/\/challenges.capconcorp.com\/respiratory-fit-evaluation-challenge\/wp-json\/wp\/v2\/comments?post=16348"}],"version-history":[{"count":10,"href":"https:\/\/challenges.capconcorp.com\/respiratory-fit-evaluation-challenge\/wp-json\/wp\/v2\/pages\/16348\/revisions"}],"predecessor-version":[{"id":16397,"href":"https:\/\/challenges.capconcorp.com\/respiratory-fit-evaluation-challenge\/wp-json\/wp\/v2\/pages\/16348\/revisions\/16397"}],"up":[{"embeddable":true,"href":"https:\/\/challenges.capconcorp.com\/respiratory-fit-evaluation-challenge\/wp-json\/wp\/v2\/pages\/10868"}],"wp:attachment":[{"href":"https:\/\/challenges.capconcorp.com\/respiratory-fit-evaluation-challenge\/wp-json\/wp\/v2\/media?parent=16348"}],"curies":[{"name":"wp","href":"https:\/\/api.w.org\/{rel}","templated":true}]}}